{"id":63,"date":"2021-02-27T10:57:36","date_gmt":"2021-02-27T10:57:36","guid":{"rendered":"http:\/\/landgasthof-dotzler.de\/?page_id=63"},"modified":"2025-08-22T15:32:20","modified_gmt":"2025-08-22T15:32:20","slug":"ueber-uns","status":"publish","type":"page","link":"https:\/\/landgasthof-dotzler.de\/?page_id=63","title":{"rendered":"\u00dcber uns"},"content":{"rendered":"\n<p class=\"has-drop-cap\">Willkommen im Landgasthof Dotzler \u2013<\/p>\n\n\n\n<p>Heimat, Genuss und Herzlichkeit.<\/p>\n\n\n\n<p>Seit 1898 steht unser familiengef\u00fchrter Landgasthof f\u00fcr bodenst\u00e4ndige Oberpf\u00e4lzer Gastlichkeit.<\/p>\n\n\n\n<p>Heute, in der vierten Generation, freuen sich Johannes Dotzler als Wirt und Stefan Dotzler als Koch, gemeinsam mit unserer Familie und einem gro\u00dfartigen Team, Sie bei uns willkommen zu hei\u00dfen.<\/p>\n\n\n\n<p>Gem\u00fctlichkeit, Nahbarkeit und ein herzliches Miteinander sind das, was uns ausmacht. Wir freuen uns, wenn wir diese Werte an euch als unsere G\u00e4ste weitergeben und euch einen Ort des Zusammenseins und Genusses bieten k\u00f6nnen.<\/p>\n\n\n\n<p>Wir laden euch ein, bei uns nicht nur gem\u00fctliche Stunden mit Familie und Freunden zu verbringen, sondern auch besondere Anl\u00e4sse wie Geburtstage, Hochzeiten und vieles mehr in unseren passenden R\u00e4umlichkeiten zu feiern. Wenn ihr lieber zuhause oder an einem anderen Ort feiern m\u00f6chtet, unterst\u00fctzen wir euch gerne mit einem Catering.<\/p>\n\n\n\n<p class=\"has-text-align-center\"><\/p>\n\n\n<div class=\"wp-block-image\">\n<figure class=\"aligncenter size-large is-resized\"><img loading=\"lazy\" decoding=\"async\" width=\"1488\" height=\"930\" src=\"https:\/\/landgasthof-dotzler.de\/wp-content\/uploads\/2021\/06\/17137249226273150938-edited.jpg\" alt=\"\" class=\"wp-image-197\" style=\"width:660px\" srcset=\"https:\/\/landgasthof-dotzler.de\/wp-content\/uploads\/2021\/06\/17137249226273150938-edited.jpg 1488w, https:\/\/landgasthof-dotzler.de\/wp-content\/uploads\/2021\/06\/17137249226273150938-edited-300x188.jpg 300w, https:\/\/landgasthof-dotzler.de\/wp-content\/uploads\/2021\/06\/17137249226273150938-edited-1024x640.jpg 1024w, https:\/\/landgasthof-dotzler.de\/wp-content\/uploads\/2021\/06\/17137249226273150938-edited-768x480.jpg 768w, https:\/\/landgasthof-dotzler.de\/wp-content\/uploads\/2021\/06\/17137249226273150938-edited-600x375.jpg 600w\" sizes=\"auto, (max-width: 1488px) 100vw, 1488px\" \/><\/figure>\n<\/div>\n\n\n<p>Und weil wir besonders stolz auf die Geschichte unseres Familienbetriebs sind, geben wir Ihnen an dieser Stelle auch noch einen kleinen \u00dcberblick dar\u00fcber: <\/p>\n\n\n\n<ul class=\"wp-block-list\">\n<li><strong>1898<\/strong>: Johann Dotzler \u2160. erwirbt den Landgasthof und baut ihn zum Wirtshaus aus.<\/li>\n\n\n\n<li><strong>1930<\/strong>: \u00dcbergabe an Sohn Georg Dotzler, der das Geb\u00e4ude umbauen l\u00e4sst.<\/li>\n\n\n\n<li><strong>1966<\/strong>: Georg Dotzler \u00fcbergibt den Betrieb an seinen Sohn Johann Dotzler \u2161.<\/li>\n\n\n\n<li><strong>1969\u20131971<\/strong>: Abriss und Neubau des Gasthauses, Wohnhauses und einer Metzgerei.<\/li>\n\n\n\n<li><strong>Bis 1994<\/strong>: Johann Dotzler \u2161. f\u00fchrt den Landgasthof erfolgreich mit seiner Frau Maria.<\/li>\n\n\n\n<li><strong>Ab 1994<\/strong>: Sohn Oswald und seine Frau Ingrid \u00fcbernehmen:\n<ul class=\"wp-block-list\">\n<li>Neugestaltung der Inneneinrichtung und Au\u00dfenfassade.<\/li>\n\n\n\n<li>Erneuerung des Vorplatzes mit Brunnen.<\/li>\n<\/ul>\n<\/li>\n\n\n\n<li><strong>Seit Anfang 2024<\/strong>: Johannes, Sohn von Oswald und Ingrid, f\u00fchrt als neuer Chef die Familientradition fort &#8211; unterst\u00fctzt durch Cousin Stefan, ausgebildeter Koch.<\/li>\n<\/ul>\n\n\n\n<p><\/p>\n","protected":false},"excerpt":{"rendered":"<p>Willkommen im Landgasthof Dotzler \u2013 Heimat, Genuss und Herzlichkeit. Seit 1898 steht unser familiengef\u00fchrter Landgasthof f\u00fcr bodenst\u00e4ndige Oberpf\u00e4lzer Gastlichkeit. Heute, in der vierten Generation, freuen sich Johannes Dotzler als Wirt [&hellip;]<\/p>\n","protected":false},"author":1,"featured_media":0,"parent":281,"menu_order":0,"comment_status":"closed","ping_status":"closed","template":"","meta":{"footnotes":""},"class_list":["post-63","page","type-page","status-publish","hentry","entry"],"jetpack_sharing_enabled":true,"_links":{"self":[{"href":"https:\/\/landgasthof-dotzler.de\/index.php?rest_route=\/wp\/v2\/pages\/63","targetHints":{"allow":["GET"]}}],"collection":[{"href":"https:\/\/landgasthof-dotzler.de\/index.php?rest_route=\/wp\/v2\/pages"}],"about":[{"href":"https:\/\/landgasthof-dotzler.de\/index.php?rest_route=\/wp\/v2\/types\/page"}],"author":[{"embeddable":true,"href":"https:\/\/landgasthof-dotzler.de\/index.php?rest_route=\/wp\/v2\/users\/1"}],"replies":[{"embeddable":true,"href":"https:\/\/landgasthof-dotzler.de\/index.php?rest_route=%2Fwp%2Fv2%2Fcomments&post=63"}],"version-history":[{"count":11,"href":"https:\/\/landgasthof-dotzler.de\/index.php?rest_route=\/wp\/v2\/pages\/63\/revisions"}],"predecessor-version":[{"id":517,"href":"https:\/\/landgasthof-dotzler.de\/index.php?rest_route=\/wp\/v2\/pages\/63\/revisions\/517"}],"up":[{"embeddable":true,"href":"https:\/\/landgasthof-dotzler.de\/index.php?rest_route=\/wp\/v2\/pages\/281"}],"wp:attachment":[{"href":"https:\/\/landgasthof-dotzler.de\/index.php?rest_route=%2Fwp%2Fv2%2Fmedia&parent=63"}],"curies":[{"name":"wp","href":"https:\/\/api.w.org\/{rel}","templated":true}]}}