{"id":62,"date":"2021-02-27T10:57:36","date_gmt":"2021-02-27T10:57:36","guid":{"rendered":"http:\/\/landgasthof-dotzler.de\/?page_id=62"},"modified":"2025-01-11T10:28:25","modified_gmt":"2025-01-11T10:28:25","slug":"speisekarte","status":"publish","type":"page","link":"https:\/\/landgasthof-dotzler.de\/?page_id=62","title":{"rendered":"Speisekarte"},"content":{"rendered":"\n<p class=\"has-text-align-center\">Hier geht&#8217;s zu unserer <strong>Speisekarte<\/strong>:<\/p>\n\n\n\n<div data-wp-interactive=\"core\/file\" class=\"wp-block-file\"><object data-wp-bind--hidden=\"!state.hasPdfPreview\" hidden class=\"wp-block-file__embed\" data=\"https:\/\/landgasthof-dotzler.de\/wp-content\/uploads\/2025\/01\/Speisekarte-Romwirt.pdf\" type=\"application\/pdf\" style=\"width:100%;height:600px\" aria-label=\"Einbettung von Speisekarte Romwirt.\"><\/object><a id=\"wp-block-file--media-654d7c8c-dc59-4c30-bcab-a202f0862c5f\" href=\"https:\/\/landgasthof-dotzler.de\/wp-content\/uploads\/2025\/01\/Speisekarte-Romwirt.pdf\">Speisekarte Romwirt<\/a><a href=\"https:\/\/landgasthof-dotzler.de\/wp-content\/uploads\/2025\/01\/Speisekarte-Romwirt.pdf\" class=\"wp-block-file__button wp-element-button\" download aria-describedby=\"wp-block-file--media-654d7c8c-dc59-4c30-bcab-a202f0862c5f\">Herunterladen<\/a><\/div>\n\n\n\n<div data-wp-interactive=\"core\/file\" class=\"wp-block-file\"><object data-wp-bind--hidden=\"!state.hasPdfPreview\" hidden class=\"wp-block-file__embed\" data=\"https:\/\/landgasthof-dotzler.de\/wp-content\/uploads\/2025\/01\/Weinkarte-Romwirt.pdf\" type=\"application\/pdf\" style=\"width:100%;height:600px\" aria-label=\"Einbettung von Weinkarte Romwirt.\"><\/object><a id=\"wp-block-file--media-75108cce-ef15-43df-a34a-7a2cd1b4f0b0\" href=\"https:\/\/landgasthof-dotzler.de\/wp-content\/uploads\/2025\/01\/Weinkarte-Romwirt.pdf\">Weinkarte Romwirt<\/a><a href=\"https:\/\/landgasthof-dotzler.de\/wp-content\/uploads\/2025\/01\/Weinkarte-Romwirt.pdf\" class=\"wp-block-file__button wp-element-button\" download aria-describedby=\"wp-block-file--media-75108cce-ef15-43df-a34a-7a2cd1b4f0b0\">Herunterladen<\/a><\/div>\n\n\n<style>.wp-block-kadence-spacer.kt-block-spacer-62_54da5b-40 .kt-block-spacer{height:74px;}.wp-block-kadence-spacer.kt-block-spacer-62_54da5b-40 .kt-divider{border-top-width:1px;height:1px;border-top-color:#d5c047;width:80%;border-top-style:solid;}<\/style>\n<div class=\"wp-block-kadence-spacer aligncenter kt-block-spacer-62_54da5b-40\"><div class=\"kt-block-spacer kt-block-spacer-halign-center\"><hr class=\"kt-divider\"\/><\/div><\/div>\n\n\n\n<p class=\"has-text-align-center\">Gerne k\u00f6nnt ihr auch <mark style=\"background-color:rgba(0, 0, 0, 0);color:#d5c047\" class=\"has-inline-color\">Speisen zum Abholen<\/mark> bei uns bestellen. Dies erfolgt <strong>ausschlie\u00dflich auf Vorbestellung<\/strong> &#8211; ruft uns bitte vorher an oder schreibt uns per Mail, WhatsApp oder Facebook Messenger! <\/p>\n\n\n<style>.wp-block-kadence-spacer.kt-block-spacer-62_bdf5a1-9a .kt-block-spacer{height:74px;}.wp-block-kadence-spacer.kt-block-spacer-62_bdf5a1-9a .kt-divider{border-top-width:1px;height:1px;border-top-color:#d5c047;width:80%;border-top-style:solid;}<\/style>\n<div class=\"wp-block-kadence-spacer aligncenter kt-block-spacer-62_bdf5a1-9a\"><div class=\"kt-block-spacer kt-block-spacer-halign-center\"><hr class=\"kt-divider\"\/><\/div><\/div>\n\n\n\n<p class=\"has-text-align-center\">Bitte denkt daran: wenn ihr die <mark style=\"background-color:rgba(0, 0, 0, 0);color:#d5c047\" class=\"has-inline-color\"><strong>Bewirtung<\/strong> <strong>vor Ort<\/strong><\/mark><strong> <\/strong>genie\u00dfen m\u00f6chtet, <strong>reserviert fr\u00fchzeitig<\/strong>! <\/p>\n\n\n<style>.wp-block-kadence-spacer.kt-block-spacer-62_6ff305-5e .kt-block-spacer{height:74px;}.wp-block-kadence-spacer.kt-block-spacer-62_6ff305-5e .kt-divider{border-top-width:1px;height:1px;border-top-color:#d5c047;width:80%;border-top-style:solid;}<\/style>\n<div class=\"wp-block-kadence-spacer aligncenter kt-block-spacer-62_6ff305-5e\"><div class=\"kt-block-spacer kt-block-spacer-halign-center\"><hr class=\"kt-divider\"\/><\/div><\/div>\n\n\n\n<p class=\"has-text-align-center\">Wir haben <strong>jeden Dienstag<\/strong>:<\/p>\n\n\n\n<h4 class=\"wp-block-heading has-text-align-center has-text-color\" style=\"color:#d5c047\"> <strong>SCHNITZELTAG<\/strong>!<\/h4>\n\n\n\n<p class=\"has-text-align-center\">&#8230; das hei\u00dft: frische Schnitzel, Cordonbleu oder Pflanzl! <\/p>\n\n\n\n<p class=\"has-text-align-center\">Einfach vorher kurz bei uns anrufen &#8211; anschlie\u00dfend abholen und genie\u00dfen!<\/p>\n\n\n<style>.wp-block-kadence-spacer.kt-block-spacer-62_13a7f5-10 .kt-block-spacer{height:74px;}.wp-block-kadence-spacer.kt-block-spacer-62_13a7f5-10 .kt-divider{border-top-width:1px;height:1px;border-top-color:#d5c047;width:80%;border-top-style:solid;}<\/style>\n<div class=\"wp-block-kadence-spacer aligncenter kt-block-spacer-62_13a7f5-10\"><div class=\"kt-block-spacer kt-block-spacer-halign-center\"><hr class=\"kt-divider\"\/><\/div><\/div>\n\n\n\n<p class=\"has-text-align-center\"><strong><mark style=\"background-color:rgba(0, 0, 0, 0);color:#d5c047\" class=\"has-inline-color\">WOF\u00dcR WIR STEHEN?<\/mark><\/strong><\/p>\n\n\n\n<p class=\"has-text-align-center\">Traditionelle Gerichte, frische Produkte und regionale Lieferanten:<\/p>\n\n\n\n<ul class=\"wp-block-list\">\n<li>M\u00fchlerlhof, Freudenberg<\/li>\n\n\n\n<li>Metzgerei Luber, Kemnath<\/li>\n\n\n\n<li>Fleischhandel Hiltner, Hiltersdorf<\/li>\n\n\n\n<li>Bio Angushof, Schlei\u00dfdorf<\/li>\n\n\n\n<li>B\u00e4ckerei Ries, Freudenberg<\/li>\n\n\n\n<li>Kartoffelverkauf Fam. Bauer, Freudenberg<\/li>\n\n\n\n<li>Teichwirtschaft Teichmann, Raigering<\/li>\n<\/ul>\n","protected":false},"excerpt":{"rendered":"<p>Hier geht&#8217;s zu unserer Speisekarte: Gerne k\u00f6nnt ihr auch Speisen zum Abholen bei uns bestellen. Dies erfolgt ausschlie\u00dflich auf Vorbestellung &#8211; ruft uns bitte vorher an oder schreibt uns per [&hellip;]<\/p>\n","protected":false},"author":1,"featured_media":0,"parent":0,"menu_order":0,"comment_status":"closed","ping_status":"closed","template":"","meta":{"footnotes":""},"class_list":["post-62","page","type-page","status-publish","hentry","entry"],"jetpack_sharing_enabled":true,"_links":{"self":[{"href":"https:\/\/landgasthof-dotzler.de\/index.php?rest_route=\/wp\/v2\/pages\/62","targetHints":{"allow":["GET"]}}],"collection":[{"href":"https:\/\/landgasthof-dotzler.de\/index.php?rest_route=\/wp\/v2\/pages"}],"about":[{"href":"https:\/\/landgasthof-dotzler.de\/index.php?rest_route=\/wp\/v2\/types\/page"}],"author":[{"embeddable":true,"href":"https:\/\/landgasthof-dotzler.de\/index.php?rest_route=\/wp\/v2\/users\/1"}],"replies":[{"embeddable":true,"href":"https:\/\/landgasthof-dotzler.de\/index.php?rest_route=%2Fwp%2Fv2%2Fcomments&post=62"}],"version-history":[{"count":54,"href":"https:\/\/landgasthof-dotzler.de\/index.php?rest_route=\/wp\/v2\/pages\/62\/revisions"}],"predecessor-version":[{"id":525,"href":"https:\/\/landgasthof-dotzler.de\/index.php?rest_route=\/wp\/v2\/pages\/62\/revisions\/525"}],"wp:attachment":[{"href":"https:\/\/landgasthof-dotzler.de\/index.php?rest_route=%2Fwp%2Fv2%2Fmedia&parent=62"}],"curies":[{"name":"wp","href":"https:\/\/api.w.org\/{rel}","templated":true}]}}