{"id":281,"date":"2022-04-26T17:02:42","date_gmt":"2022-04-26T17:02:42","guid":{"rendered":"http:\/\/landgasthof-dotzler.de\/?page_id=281"},"modified":"2025-08-22T15:32:06","modified_gmt":"2025-08-22T15:32:06","slug":"startseite","status":"publish","type":"page","link":"https:\/\/landgasthof-dotzler.de\/","title":{"rendered":"Servus"},"content":{"rendered":"\n<p>und herzlich Willkommen auf unserer Webseite!<\/p>\n\n\n\n<p class=\"has-drop-cap\">Liebe G\u00e4ste &#8211; und die, die es noch werden wollen &#8211; <\/p>\n\n\n\n<p>wir freuen uns sehr, euch auch online bei uns begr\u00fc\u00dfen zu d\u00fcrfen! <\/p>\n\n\n<style>.wp-block-kadence-spacer.kt-block-spacer-281_211104-f1 .kt-block-spacer{height:39px;}.wp-block-kadence-spacer.kt-block-spacer-281_211104-f1 .kt-divider{border-top-width:1px;height:1px;border-top-color:#d5c047;width:52%;border-top-style:solid;}<\/style>\n<div class=\"wp-block-kadence-spacer aligncenter kt-block-spacer-281_211104-f1\"><div class=\"kt-block-spacer kt-block-spacer-halign-center\"><hr class=\"kt-divider\"\/><\/div><\/div>\n\n\n\n<p>Hier auf unserer Webseite findet ihr Informationen zu unserem Angebot, aktuelle Infos zu Veranstaltungen, sowie unsere \u00d6ffnungszeiten und Kontaktdaten.<\/p>\n\n\n\n<p>Falls doch Fragen auftauchen sollten, stehen wir euch nat\u00fcrlich gerne zur Verf\u00fcgung! <\/p>\n\n\n\n<p>Wir w\u00fcnschen einen sch\u00f6nen Aufenthalt und hoffentlich auch bis bald &#8211; analog bei uns im Wirtshaus!<\/p>\n\n\n\n<p><strong><mark style=\"background-color:rgba(0, 0, 0, 0);color:#d5c047\" class=\"has-inline-color\">Eure Familie Dotzler mit Team<\/mark><\/strong><\/p>\n","protected":false},"excerpt":{"rendered":"<p>und herzlich Willkommen auf unserer Webseite! Liebe G\u00e4ste &#8211; und die, die es noch werden wollen &#8211; wir freuen uns sehr, euch auch online bei uns begr\u00fc\u00dfen zu d\u00fcrfen! Hier [&hellip;]<\/p>\n","protected":false},"author":1,"featured_media":0,"parent":0,"menu_order":0,"comment_status":"closed","ping_status":"closed","template":"","meta":{"footnotes":""},"class_list":["post-281","page","type-page","status-publish","hentry","entry"],"jetpack_sharing_enabled":true,"_links":{"self":[{"href":"https:\/\/landgasthof-dotzler.de\/index.php?rest_route=\/wp\/v2\/pages\/281","targetHints":{"allow":["GET"]}}],"collection":[{"href":"https:\/\/landgasthof-dotzler.de\/index.php?rest_route=\/wp\/v2\/pages"}],"about":[{"href":"https:\/\/landgasthof-dotzler.de\/index.php?rest_route=\/wp\/v2\/types\/page"}],"author":[{"embeddable":true,"href":"https:\/\/landgasthof-dotzler.de\/index.php?rest_route=\/wp\/v2\/users\/1"}],"replies":[{"embeddable":true,"href":"https:\/\/landgasthof-dotzler.de\/index.php?rest_route=%2Fwp%2Fv2%2Fcomments&post=281"}],"version-history":[{"count":5,"href":"https:\/\/landgasthof-dotzler.de\/index.php?rest_route=\/wp\/v2\/pages\/281\/revisions"}],"predecessor-version":[{"id":585,"href":"https:\/\/landgasthof-dotzler.de\/index.php?rest_route=\/wp\/v2\/pages\/281\/revisions\/585"}],"wp:attachment":[{"href":"https:\/\/landgasthof-dotzler.de\/index.php?rest_route=%2Fwp%2Fv2%2Fmedia&parent=281"}],"curies":[{"name":"wp","href":"https:\/\/api.w.org\/{rel}","templated":true}]}}